{"id":87,"date":"2018-04-24T09:06:37","date_gmt":"2018-04-24T09:06:37","guid":{"rendered":"http:\/\/demo.acmethemes.com\/construction-field-pro\/?page_id=87"},"modified":"2019-09-19T08:32:52","modified_gmt":"2019-09-19T11:32:52","slug":"carga-seca","status":"publish","type":"page","link":"http:\/\/prveiculosespeciais.com.br\/wp\/carga-seca\/","title":{"rendered":"Ve\u00edculos de Transporte de Carga Seca"},"content":{"rendered":"\n<h3><strong>Ve\u00edculos de Transporte de Carga Seca<\/strong><\/h3>\n\n\n\n<p>Transporte de carga seca com revestimento em MDF ou Compensado Naval. Conforme necessidade do cliente, tipo de carga e dura\u00e7\u00e3o das viagens. <\/p>\n\n\n\n<p>S\u00e3o itens <strong>padr\u00e3o<\/strong>:<\/p>\n\n\n\n<ul><li>Pain\u00e9is semirr\u00edgidos compactados do tipo MDF\/Compensado Naval<\/li><li>aplique na superf\u00edcie para teto, laterais, portas traseiras e lateral<\/li><li>Parede divis\u00f3ria entre a cabine e a \u00e1rea da carga<\/li><li>Assoalho revestido em laminado de compensado com acabamento em verniz.<\/li><\/ul>\n","protected":false},"excerpt":{"rendered":"<p>Transporte de carga seca com revestimento em MDF ou Compensado Naval. Conforme necessidade do cliente, tipo de carga e dura\u00e7\u00e3o das viagens.<br \/>\nCumprindo todos os requisitos para transformar sua van ou furg\u00e3o em um ve\u00edculo especial, com todos os itens de seguran\u00e7a, equipamentos e acess\u00f3rios exigidos por lei.<\/p>\n","protected":false},"author":1,"featured_media":0,"parent":0,"menu_order":0,"comment_status":"closed","ping_status":"closed","template":"","meta":[],"_links":{"self":[{"href":"http:\/\/prveiculosespeciais.com.br\/wp\/wp-json\/wp\/v2\/pages\/87"}],"collection":[{"href":"http:\/\/prveiculosespeciais.com.br\/wp\/wp-json\/wp\/v2\/pages"}],"about":[{"href":"http:\/\/prveiculosespeciais.com.br\/wp\/wp-json\/wp\/v2\/types\/page"}],"author":[{"embeddable":true,"href":"http:\/\/prveiculosespeciais.com.br\/wp\/wp-json\/wp\/v2\/users\/1"}],"replies":[{"embeddable":true,"href":"http:\/\/prveiculosespeciais.com.br\/wp\/wp-json\/wp\/v2\/comments?post=87"}],"version-history":[{"count":4,"href":"http:\/\/prveiculosespeciais.com.br\/wp\/wp-json\/wp\/v2\/pages\/87\/revisions"}],"predecessor-version":[{"id":589,"href":"http:\/\/prveiculosespeciais.com.br\/wp\/wp-json\/wp\/v2\/pages\/87\/revisions\/589"}],"wp:attachment":[{"href":"http:\/\/prveiculosespeciais.com.br\/wp\/wp-json\/wp\/v2\/media?parent=87"}],"curies":[{"name":"wp","href":"https:\/\/api.w.org\/{rel}","templated":true}]}}